{"id":803,"date":"2023-09-22T14:08:14","date_gmt":"2023-09-22T14:08:14","guid":{"rendered":"https:\/\/mobilmat.be\/renonciation\/"},"modified":"2023-09-27T15:09:51","modified_gmt":"2023-09-27T15:09:51","slug":"renonciation","status":"publish","type":"page","link":"https:\/\/mobilmat.be\/fr\/renonciation\/","title":{"rendered":"RENONCIATION"},"content":{"rendered":"\t\t<div data-elementor-type=\"wp-page\" data-elementor-id=\"803\" class=\"elementor elementor-803 elementor-619\" data-elementor-post-type=\"page\">\n\t\t\t\t<div class=\"elementor-element elementor-element-c4147d0 e-flex e-con-boxed e-con e-parent\" data-id=\"c4147d0\" data-element_type=\"container\" data-e-type=\"container\">\n\t\t\t\t\t<div class=\"e-con-inner\">\n\t\t\t\t<div class=\"elementor-element elementor-element-e1d5fd5 elementor-widget elementor-widget-heading\" data-id=\"e1d5fd5\" data-element_type=\"widget\" data-e-type=\"widget\" data-widget_type=\"heading.default\">\n\t\t\t\t<div class=\"elementor-widget-container\">\n\t\t\t\t\t<span class=\"elementor-heading-title elementor-size-default\">RENONCIATION<\/span>\t\t\t\t<\/div>\n\t\t\t\t<\/div>\n\t\t\t\t\t<\/div>\n\t\t\t\t<\/div>\n\t\t<div class=\"elementor-element elementor-element-4486058 e-flex e-con-boxed e-con e-parent\" data-id=\"4486058\" data-element_type=\"container\" data-e-type=\"container\">\n\t\t\t\t\t<div class=\"e-con-inner\">\n\t\t\t\t<div class=\"elementor-element elementor-element-8a20421 elementor-widget elementor-widget-heading\" data-id=\"8a20421\" data-element_type=\"widget\" data-e-type=\"widget\" data-widget_type=\"heading.default\">\n\t\t\t\t<div class=\"elementor-widget-container\">\n\t\t\t\t\t<h1 class=\"elementor-heading-title elementor-size-default\">RENONCIATION<\/h1>\t\t\t\t<\/div>\n\t\t\t\t<\/div>\n\t\t\t\t\t<\/div>\n\t\t\t\t<\/div>\n\t\t<div class=\"elementor-element elementor-element-8d78312 e-flex e-con-boxed e-con e-parent\" data-id=\"8d78312\" data-element_type=\"container\" data-e-type=\"container\">\n\t\t\t\t\t<div class=\"e-con-inner\">\n\t\t\t\t<div class=\"elementor-element elementor-element-850fbd8 elementor-widget elementor-widget-heading\" data-id=\"850fbd8\" data-element_type=\"widget\" data-e-type=\"widget\" data-widget_type=\"heading.default\">\n\t\t\t\t<div class=\"elementor-widget-container\">\n\t\t\t\t\t<h2 class=\"elementor-heading-title elementor-size-default\">RENONCIATION<\/h2>\t\t\t\t<\/div>\n\t\t\t\t<\/div>\n\t\t\t\t<div class=\"elementor-element elementor-element-9e1568f elementor-widget elementor-widget-text-editor\" data-id=\"9e1568f\" data-element_type=\"widget\" data-e-type=\"widget\" data-widget_type=\"text-editor.default\">\n\t\t\t\t<div class=\"elementor-widget-container\">\n\t\t\t\t\t\t\t\t\t<p>Le contenu int\u00e9gral du site, ainsi que tous les \u00e9l\u00e9ments graphiques (y compris les codes HTML utilis\u00e9s pour la cr\u00e9ation de pages, ic\u00f4nes, combinaisons de couleurs, pr\u00e9sentation, &#8230;) sont prot\u00e9g\u00e9s par le droit d&rsquo;auteur. Il est interdit de le copier, l&rsquo;adapter, le traduire, le transformer ou le modifier, en entier ou en partie, sous quelle forme ou par quel moyen que ce soit, sans l&rsquo;autorisation pr\u00e9alable de MOBILMAT NV. Toute infraction peut \u00eatre poursuivie au civil ou au p\u00e9nal. Pour tout litige relatif \u00e0 ce site web, le droit belge est d&rsquo;application \u00e0 l&rsquo;exclusion de tout autre. Les autorisations sont accord\u00e9es cas par cas. Nous accueillerons n\u00e9anmoins toutes les demandes (\u00e0 adresser \u00e0<a href=\"mailto:info@mobilmat.be\">info@mobilmat.be<\/a>).     <\/p>\n<p>Le nom et le logo de MOBILMAT NV sont des marques d\u00e9pos\u00e9es, propri\u00e9t\u00e9s de MOBILMAT NV.<\/p>\n<p>Pour toutes les photos publi\u00e9es, WILLEMEN GROEP a re\u00e7u l&rsquo;autorisation de publication sur le site web accord\u00e9e par le propri\u00e9taire, le commanditaire, le concepteur ainsi que le photographe concern\u00e9.<\/p>\n<p>Bien que les hyperlinks externes soient choisis avec soin, WILLEMEN GROEP ne peut \u00eatre tenue responsable de l&rsquo;existence ou du contenu de sites web auxquels un hyperlink a \u00e9t\u00e9 rattach\u00e9.<\/p>\n<p>Les personnes ou organisations estimant que leurs droits ont \u00e9t\u00e9 enfreints, sont invit\u00e9es \u00e0 se faire conna\u00eetre aupr\u00e8s du <a href=\"mailto:communicatie@willemen.be\">webmaster<\/a>.<\/p>\n\t\t\t\t\t\t\t\t<\/div>\n\t\t\t\t<\/div>\n\t\t\t\t\t<\/div>\n\t\t\t\t<\/div>\n\t\t<div class=\"elementor-element elementor-element-2a2e3ac e-flex e-con-boxed e-con e-parent\" data-id=\"2a2e3ac\" data-element_type=\"container\" data-e-type=\"container\">\n\t\t\t\t\t<div class=\"e-con-inner\">\n\t\t\t\t<div class=\"elementor-element elementor-element-8bfdb8e elementor-widget elementor-widget-heading\" data-id=\"8bfdb8e\" data-element_type=\"widget\" data-e-type=\"widget\" data-widget_type=\"heading.default\">\n\t\t\t\t<div class=\"elementor-widget-container\">\n\t\t\t\t\t<h3 class=\"elementor-heading-title elementor-size-default\">Webcr\u00e9dits<\/h3>\t\t\t\t<\/div>\n\t\t\t\t<\/div>\n\t\t\t\t<div class=\"elementor-element elementor-element-5b6f97f elementor-widget elementor-widget-text-editor\" data-id=\"5b6f97f\" data-element_type=\"widget\" data-e-type=\"widget\" data-widget_type=\"text-editor.default\">\n\t\t\t\t<div class=\"elementor-widget-container\">\n\t\t\t\t\t\t\t\t\t<ul>\n<li><strong>Webmaster:<\/strong> Senne Wancour &#8211; Service Communication Mobilmat<\/li>\n<li><strong>Ontwerp: <\/strong>Silke Van Havere<\/li>\n<li><strong>Foto&rsquo;s<\/strong>: Silke Van Havere &amp; sources divers<\/li>\n<\/ul>\n\t\t\t\t\t\t\t\t<\/div>\n\t\t\t\t<\/div>\n\t\t\t\t\t<\/div>\n\t\t\t\t<\/div>\n\t\t<div class=\"elementor-element elementor-element-56c5ffa e-flex e-con-boxed e-con e-parent\" data-id=\"56c5ffa\" data-element_type=\"container\" data-e-type=\"container\">\n\t\t\t\t\t<div class=\"e-con-inner\">\n\t\t\t\t<div class=\"elementor-element elementor-element-a485934 elementor-widget elementor-widget-heading\" data-id=\"a485934\" data-element_type=\"widget\" data-e-type=\"widget\" data-widget_type=\"heading.default\">\n\t\t\t\t<div class=\"elementor-widget-container\">\n\t\t\t\t\t<h3 class=\"elementor-heading-title elementor-size-default\">Propri\u00e9t\u00e9<\/h3>\t\t\t\t<\/div>\n\t\t\t\t<\/div>\n\t\t\t\t<div class=\"elementor-element elementor-element-ab44e4b elementor-widget elementor-widget-text-editor\" data-id=\"ab44e4b\" data-element_type=\"widget\" data-e-type=\"widget\" data-widget_type=\"text-editor.default\">\n\t\t\t\t<div class=\"elementor-widget-container\">\n\t\t\t\t\t\t\t\t\t<p>Ce site est la propri\u00e9t\u00e9 du MOBILMAT NV.<\/p>\n<p>Donn\u00e9es de contact :<\/p>\n<ul>\n<li>Si\u00e8ge social : Pathoekeweg 400 &#8211; 8000 Bruges<\/li>\n<li>tel: +32 15 56 99 65<\/li>\n<li>courriel: <a href=\"mailto:info@mobilmat.be\">info@mobilmat.be<\/a><\/li>\n<li>Num\u00e9ro d&rsquo;entreprise : BE 0431.057.310<\/li>\n<\/ul>\n\t\t\t\t\t\t\t\t<\/div>\n\t\t\t\t<\/div>\n\t\t\t\t\t<\/div>\n\t\t\t\t<\/div>\n\t\t<div class=\"elementor-element elementor-element-29f16a2 e-flex e-con-boxed e-con e-parent\" data-id=\"29f16a2\" data-element_type=\"container\" data-e-type=\"container\">\n\t\t\t\t\t<div class=\"e-con-inner\">\n\t\t\t\t<div class=\"elementor-element elementor-element-9aecfd5 elementor-widget elementor-widget-heading\" data-id=\"9aecfd5\" data-element_type=\"widget\" data-e-type=\"widget\" data-widget_type=\"heading.default\">\n\t\t\t\t<div class=\"elementor-widget-container\">\n\t\t\t\t\t<h3 class=\"elementor-heading-title elementor-size-default\">Nom de domaine<\/h3>\t\t\t\t<\/div>\n\t\t\t\t<\/div>\n\t\t\t\t<div class=\"elementor-element elementor-element-7c24799 elementor-widget elementor-widget-text-editor\" data-id=\"7c24799\" data-element_type=\"widget\" data-e-type=\"widget\" data-widget_type=\"text-editor.default\">\n\t\t\t\t<div class=\"elementor-widget-container\">\n\t\t\t\t\t\t\t\t\t<p><a href=\"http:\/\/www.mobilmat.be\/\">www.mobilmat.be<\/a><\/p>\n\t\t\t\t\t\t\t\t<\/div>\n\t\t\t\t<\/div>\n\t\t\t\t\t<\/div>\n\t\t\t\t<\/div>\n\t\t<div class=\"elementor-element elementor-element-03d9813 e-flex e-con-boxed e-con e-parent\" data-id=\"03d9813\" data-element_type=\"container\" data-e-type=\"container\">\n\t\t\t\t\t<div class=\"e-con-inner\">\n\t\t\t\t<div class=\"elementor-element elementor-element-c836245 elementor-widget elementor-widget-heading\" data-id=\"c836245\" data-element_type=\"widget\" data-e-type=\"widget\" data-widget_type=\"heading.default\">\n\t\t\t\t<div class=\"elementor-widget-container\">\n\t\t\t\t\t<h3 class=\"elementor-heading-title elementor-size-default\">Droits de propri\u00e9t\u00e9 intellectuelle<\/h3>\t\t\t\t<\/div>\n\t\t\t\t<\/div>\n\t\t\t\t<div class=\"elementor-element elementor-element-62090d5 elementor-widget elementor-widget-text-editor\" data-id=\"62090d5\" data-element_type=\"widget\" data-e-type=\"widget\" data-widget_type=\"text-editor.default\">\n\t\t\t\t<div class=\"elementor-widget-container\">\n\t\t\t\t\t\t\t\t\t<p>MOBILMAT NV vous accorde le droit de reproduire et de t\u00e9l\u00e9charger les informations reprises sur ce site pour un usage exclusivement personnel et non commercial sous r\u00e9serve que vous fassiez mention des droits d&rsquo;auteur et autres notices de propri\u00e9t\u00e9 dans l\u2019\u00e9ventuelle copie du mat\u00e9riel d\u2019origine. <\/p>\n\t\t\t\t\t\t\t\t<\/div>\n\t\t\t\t<\/div>\n\t\t\t\t\t<\/div>\n\t\t\t\t<\/div>\n\t\t<div class=\"elementor-element elementor-element-5e836f3 e-flex e-con-boxed e-con e-parent\" data-id=\"5e836f3\" data-element_type=\"container\" data-e-type=\"container\">\n\t\t\t\t\t<div class=\"e-con-inner\">\n\t\t\t\t<div class=\"elementor-element elementor-element-a2b4cab elementor-widget elementor-widget-heading\" data-id=\"a2b4cab\" data-element_type=\"widget\" data-e-type=\"widget\" data-widget_type=\"heading.default\">\n\t\t\t\t<div class=\"elementor-widget-container\">\n\t\t\t\t\t<h3 class=\"elementor-heading-title elementor-size-default\">Responsabilit\u00e9<\/h3>\t\t\t\t<\/div>\n\t\t\t\t<\/div>\n\t\t\t\t<div class=\"elementor-element elementor-element-01dc37f elementor-widget elementor-widget-text-editor\" data-id=\"01dc37f\" data-element_type=\"widget\" data-e-type=\"widget\" data-widget_type=\"text-editor.default\">\n\t\t\t\t<div class=\"elementor-widget-container\">\n\t\t\t\t\t\t\t\t\t<p>Bien que le plus grand soin ait \u00e9t\u00e9 apport\u00e9 au contenu de ce site, les documents, informations et services figurant sur ce site sont fournis comme tels, sans garantie aucune quant \u00e0 la qualit\u00e9 marchande, \u00e0 l\u2019ad\u00e9quation par rapport \u00e0 un but pr\u00e9cis ou au respect des droits de propri\u00e9t\u00e9 intellectuelle. Le contenu et les services repris sur ce site peuvent ne plus \u00eatre \u00e0 jour et ne plus correspondre aux donn\u00e9es actuelles. Toutes les propri\u00e9t\u00e9s ou tous les prix indiqu\u00e9s le sont \u00e0 titre informatif, sans aucun engagement.  <\/p>\n\t\t\t\t\t\t\t\t<\/div>\n\t\t\t\t<\/div>\n\t\t\t\t\t<\/div>\n\t\t\t\t<\/div>\n\t\t<div class=\"elementor-element elementor-element-f2381dc e-flex e-con-boxed e-con e-parent\" data-id=\"f2381dc\" data-element_type=\"container\" data-e-type=\"container\">\n\t\t\t\t\t<div class=\"e-con-inner\">\n\t\t\t\t<div class=\"elementor-element elementor-element-708c8d2 elementor-widget elementor-widget-heading\" data-id=\"708c8d2\" data-element_type=\"widget\" data-e-type=\"widget\" data-widget_type=\"heading.default\">\n\t\t\t\t<div class=\"elementor-widget-container\">\n\t\t\t\t\t<h3 class=\"elementor-heading-title elementor-size-default\">Marques commerciales<\/h3>\t\t\t\t<\/div>\n\t\t\t\t<\/div>\n\t\t\t\t<div class=\"elementor-element elementor-element-948fea2 elementor-widget elementor-widget-text-editor\" data-id=\"948fea2\" data-element_type=\"widget\" data-e-type=\"widget\" data-widget_type=\"text-editor.default\">\n\t\t\t\t<div class=\"elementor-widget-container\">\n\t\t\t\t\t\t\t\t\t<p>Tous les noms de produits, d\u00e9nominations d\u2019entreprises, logos et images figurant sur ce site peuvent \u00eatre des marques commerciales appartenant \u00e0 leurs propri\u00e9taires respectifs et sont \u00e0 traiter comme tels.<\/p>\n\t\t\t\t\t\t\t\t<\/div>\n\t\t\t\t<\/div>\n\t\t\t\t\t<\/div>\n\t\t\t\t<\/div>\n\t\t<div class=\"elementor-element elementor-element-effaff1 e-flex e-con-boxed e-con e-parent\" data-id=\"effaff1\" data-element_type=\"container\" data-e-type=\"container\">\n\t\t\t\t\t<div class=\"e-con-inner\">\n\t\t\t\t<div class=\"elementor-element elementor-element-4d2b60a elementor-widget elementor-widget-heading\" data-id=\"4d2b60a\" data-element_type=\"widget\" data-e-type=\"widget\" data-widget_type=\"heading.default\">\n\t\t\t\t<div class=\"elementor-widget-container\">\n\t\t\t\t\t<h3 class=\"elementor-heading-title elementor-size-default\">Lien vers d\u2019autres sites Web qui ne sont pas la propri\u00e9t\u00e9 de MOBILMAT S.A. :<\/h3>\t\t\t\t<\/div>\n\t\t\t\t<\/div>\n\t\t\t\t<div class=\"elementor-element elementor-element-4ad267d elementor-widget elementor-widget-text-editor\" data-id=\"4ad267d\" data-element_type=\"widget\" data-e-type=\"widget\" data-widget_type=\"text-editor.default\">\n\t\t\t\t<div class=\"elementor-widget-container\">\n\t\t\t\t\t\t\t\t\t<p>Des liens figurant sur ce site qui renvoient \u00e0 d\u2019autres sites ont uniquement pour but de vous informer plus amplement. MOBILMAT S.A. n\u2019est pas responsable du contenu de ces sites et ne peut nullement \u00eatre tenu responsable des informations, quel que soit leur mode de pr\u00e9sentation, reprises sur ces sites. Si vous d\u00e9cidez d\u2019utiliser ces liens, vous le faites sous votre propre responsabilit\u00e9 et \u00e0 vos propres risques.  <\/p>\n\t\t\t\t\t\t\t\t<\/div>\n\t\t\t\t<\/div>\n\t\t\t\t\t<\/div>\n\t\t\t\t<\/div>\n\t\t<div class=\"elementor-element elementor-element-4eab4bc e-flex e-con-boxed e-con e-parent\" data-id=\"4eab4bc\" data-element_type=\"container\" data-e-type=\"container\">\n\t\t\t\t\t<div class=\"e-con-inner\">\n\t\t\t\t<div class=\"elementor-element elementor-element-63492f9 elementor-widget elementor-widget-heading\" data-id=\"63492f9\" data-element_type=\"widget\" data-e-type=\"widget\" data-widget_type=\"heading.default\">\n\t\t\t\t<div class=\"elementor-widget-container\">\n\t\t\t\t\t<h3 class=\"elementor-heading-title elementor-size-default\">Liens vers ce site<\/h3>\t\t\t\t<\/div>\n\t\t\t\t<\/div>\n\t\t\t\t<div class=\"elementor-element elementor-element-fb0e33a elementor-widget elementor-widget-text-editor\" data-id=\"fb0e33a\" data-element_type=\"widget\" data-e-type=\"widget\" data-widget_type=\"text-editor.default\">\n\t\t\t\t<div class=\"elementor-widget-container\">\n\t\t\t\t\t\t\t\t\t<p>Il est autoris\u00e9 de faire des liens \u00e0 partir d\u2019autres sites vers ce site. Ceci uniquement dans la mesure o\u00f9 MOBILMAT S.A. n\u2019en subit pas de pr\u00e9judice. C\u2019est aussi l\u2019unique mani\u00e8re de reprendre du mat\u00e9riel de ce site sans approbation \u00e9crite pr\u00e9alable. La reproduction directe d\u2019informations ou autres donn\u00e9es sans mention de r\u00e9f\u00e9rence ou dans le cas d\u2019une page Web, du lien vers la source, est interdite.   <\/p>\n\t\t\t\t\t\t\t\t<\/div>\n\t\t\t\t<\/div>\n\t\t\t\t\t<\/div>\n\t\t\t\t<\/div>\n\t\t\t\t<\/div>\n\t\t","protected":false},"excerpt":{"rendered":"<p>RENONCIATION RENONCIATION Le contenu int\u00e9gral du site, ainsi que tous les \u00e9l\u00e9ments graphiques (y compris les codes HTML utilis\u00e9s pour la cr\u00e9ation de pages, ic\u00f4nes, combinaisons de couleurs, pr\u00e9sentation, &#8230;) sont prot\u00e9g\u00e9s par le droit d&rsquo;auteur. Il est interdit de le copier, l&rsquo;adapter, le traduire, le transformer ou le modifier, en entier ou en partie, [&hellip;]<\/p>\n","protected":false},"author":1,"featured_media":0,"parent":0,"menu_order":0,"comment_status":"closed","ping_status":"closed","template":"","meta":{"footnotes":""},"class_list":["post-803","page","type-page","status-publish","hentry"],"acf":[],"_links":{"self":[{"href":"https:\/\/mobilmat.be\/fr\/wp-json\/wp\/v2\/pages\/803","targetHints":{"allow":["GET"]}}],"collection":[{"href":"https:\/\/mobilmat.be\/fr\/wp-json\/wp\/v2\/pages"}],"about":[{"href":"https:\/\/mobilmat.be\/fr\/wp-json\/wp\/v2\/types\/page"}],"author":[{"embeddable":true,"href":"https:\/\/mobilmat.be\/fr\/wp-json\/wp\/v2\/users\/1"}],"replies":[{"embeddable":true,"href":"https:\/\/mobilmat.be\/fr\/wp-json\/wp\/v2\/comments?post=803"}],"version-history":[{"count":1,"href":"https:\/\/mobilmat.be\/fr\/wp-json\/wp\/v2\/pages\/803\/revisions"}],"predecessor-version":[{"id":804,"href":"https:\/\/mobilmat.be\/fr\/wp-json\/wp\/v2\/pages\/803\/revisions\/804"}],"wp:attachment":[{"href":"https:\/\/mobilmat.be\/fr\/wp-json\/wp\/v2\/media?parent=803"}],"curies":[{"name":"wp","href":"https:\/\/api.w.org\/{rel}","templated":true}]}}